{"id":95,"date":"2023-11-08T10:11:59","date_gmt":"2023-11-08T10:11:59","guid":{"rendered":"https:\/\/techmart.store\/?post_type=product&#038;p=95"},"modified":"2023-11-10T16:25:56","modified_gmt":"2023-11-10T16:25:56","slug":"smartwatch-sportivo-vibes-xwatch-compatibile-android-e-ios-dotato-di-sensori-di-monitoraggio-della-salute-monitora-il-sonno-e-le-tue-attivita-sportive","status":"publish","type":"product","link":"https:\/\/techmart.store\/index.php\/product\/smartwatch-sportivo-vibes-xwatch-compatibile-android-e-ios-dotato-di-sensori-di-monitoraggio-della-salute-monitora-il-sonno-e-le-tue-attivita-sportive\/","title":{"rendered":"Smartwatch sportivo Vibes Xwatch, compatibile Android e iOS, dotato di sensori di monitoraggio della salute, monitora il sonno e le tue attivit\u00e0 sportive."},"content":{"rendered":"<p>Vibes Xwatch \u00e8 la scelta ideale per chi desidera monitorare la propria salute e il proprio benessere in modo semplice ed efficace. Compatibile sia con dispositivi <strong>Android<\/strong> che <strong>iOS<\/strong>, questo versatile orologio \u00e8 dotato di avanzati sensori di monitoraggio della salute, ti permette di tenere traccia del sonno e di registrare le tue attivit\u00e0 sportive con facilit\u00e0.<\/p>\n<p>Questo smartwatch \u00e8 progettato per aiutarti a mantenere un controllo costante sulla tua salute. Grazie ai sensori integrati, puoi monitorare in tempo reale il <strong>battito cardiaco<\/strong>, la <strong>pressione arteriosa<\/strong> e l&#8217;<strong>ossigenazione<\/strong> del sangue. Queste informazioni ti consentiranno di prenderti cura del tuo benessere in modo consapevole e responsabile.<\/p>\n<p>Oltre a ci\u00f2, Vibes Xwatch ti offre la possibilit\u00e0 di <strong>monitorare il sonno<\/strong>, registrando le fasi di sonno leggero e profondo, cos\u00ec come il tempo trascorso in fase REM. Queste informazioni ti aiuteranno a migliorare la qualit\u00e0 del tuo riposo e a svegliarti ogni mattina pi\u00f9 fresco e riposato.<\/p>\n<p>Se sei appassionato di attivit\u00e0 fisica o vuoi semplicemente mantenerti attivo, sar\u00e0 il tuo compagno ideale. Grazie ai sensori di accelerazione e giroscopio, \u00e8 in grado di rilevare automaticamente le tue <strong>attivit\u00e0 sportive<\/strong>, come la corsa, il ciclismo, il nuoto e molto altro. Registra i dati relativi alla distanza percorsa, le calorie bruciate e il tempo trascorso in movimento.<\/p>\n<p>Nella vita di tutti i giorni, inoltre, potrai ricevere <strong>notifiche<\/strong> direttamente al polso, inclusi messaggi, chiamate, e-mail e promemoria. In questo modo, rimarrai sempre connesso senza dover estrarre il telefono dalla tasca.<\/p>\n<p>Vibes Xwatch \u00e8 un compagno ideale per chi cerca un modo pratico e avanzato per monitorare la salute, il sonno e le attivit\u00e0 sportive. Scegli la salute e il benessere come priorit\u00e0 e ottieni il massimo dal tuo <strong>stile di vita attivo<\/strong> con il nostro Smartwatch.<\/p>\n<p><b>Consigliato per<\/b><span style=\"font-weight: 400;\">: attivit\u00e0 sportiva, monitoraggio salute<\/span><span style=\"font-weight: 400;\"><br \/>\n<\/span><b>Brand<\/b><span style=\"font-weight: 400;\">: Vibes Xwatch<\/span><span style=\"font-weight: 400;\"><br \/>\n<\/span><b>Modello<\/b><span style=\"font-weight: 400;\">: Vibes Xwatch<\/span><span style=\"font-weight: 400;\"><br \/>\n<\/span><b>Caratteristiche principali<\/b><span style=\"font-weight: 400;\">: sensori di monitoraggio, contapassi, tecnologia antiurto, compatibile iOS e Android, display IPS super luminoso, monitoraggio attivit\u00e0 sportive, monitoraggio battito cardiaco, connettivit\u00e0 bluetooth.<\/span><\/p>\n","protected":false},"excerpt":{"rendered":"<p>Smartwatch sportivo compatibile con Android e iOS, monitora salute, sonno e attivit\u00e0 sportive. Ricezione notifiche, design elegante e connettivit\u00e0 avanzata.<\/p>\n","protected":false},"featured_media":299,"template":"","meta":{"om_disable_all_campaigns":false,"_monsterinsights_skip_tracking":false,"_monsterinsights_sitenote_active":false,"_monsterinsights_sitenote_note":"","_monsterinsights_sitenote_category":0},"product_cat":[18,33],"product_tag":[105,109,112,111,106,107,108,110,104],"aioseo_notices":[],"_links":{"self":[{"href":"https:\/\/techmart.store\/index.php\/wp-json\/wp\/v2\/product\/95"}],"collection":[{"href":"https:\/\/techmart.store\/index.php\/wp-json\/wp\/v2\/product"}],"about":[{"href":"https:\/\/techmart.store\/index.php\/wp-json\/wp\/v2\/types\/product"}],"wp:featuredmedia":[{"embeddable":true,"href":"https:\/\/techmart.store\/index.php\/wp-json\/wp\/v2\/media\/299"}],"wp:attachment":[{"href":"https:\/\/techmart.store\/index.php\/wp-json\/wp\/v2\/media?parent=95"}],"wp:term":[{"taxonomy":"product_cat","embeddable":true,"href":"https:\/\/techmart.store\/index.php\/wp-json\/wp\/v2\/product_cat?post=95"},{"taxonomy":"product_tag","embeddable":true,"href":"https:\/\/techmart.store\/index.php\/wp-json\/wp\/v2\/product_tag?post=95"}],"curies":[{"name":"wp","href":"https:\/\/api.w.org\/{rel}","templated":true}]}}