{"id":72,"date":"2023-11-06T10:44:21","date_gmt":"2023-11-06T10:44:21","guid":{"rendered":"https:\/\/techmart.store\/?post_type=product&#038;p=72"},"modified":"2023-11-13T10:14:26","modified_gmt":"2023-11-13T10:14:26","slug":"stufetta-portatile-per-un-riscaldamento-immediato-grazie-alla-ceramica-ptc-compatta-con-tre-diverse-modalita-di-riscaldamento-e-la-possibilita-di-regolare-la-temperatura","status":"publish","type":"product","link":"https:\/\/techmart.store\/index.php\/product\/stufetta-portatile-per-un-riscaldamento-immediato-grazie-alla-ceramica-ptc-compatta-con-tre-diverse-modalita-di-riscaldamento-e-la-possibilita-di-regolare-la-temperatura\/","title":{"rendered":"Stufetta portatile EcoHeat S per un riscaldamento immediato, ceramica PTC. Compatta, con tre diverse modalit\u00e0 di riscaldamento e la possibilit\u00e0 di regolare la temperatura"},"content":{"rendered":"<div class=\"flex flex-grow flex-col gap-3 max-w-full\">\n<div class=\"min-h-[20px] flex flex-col items-start gap-3 whitespace-pre-wrap break-words overflow-x-auto\" data-message-author-role=\"assistant\" data-message-id=\"489a7f4c-4bde-464e-9646-a2043759c6b4\">\n<div class=\"markdown prose w-full break-words dark:prose-invert dark\">\n<div class=\"group w-full text-token-text-primary border-b border-black\/10 gizmo:border-0 dark:border-gray-900\/50 gizmo:dark:border-0 bg-gray-50 gizmo:bg-transparent dark:bg-[#444654] gizmo:dark:bg-transparent\" data-testid=\"conversation-turn-13\">\n<div class=\"p-4 gizmo:py-2 justify-center text-base md:gap-6 md:py-6 m-auto\">\n<div class=\"flex flex-1 gap-4 text-base mx-auto md:gap-6 gizmo:gap-3 gizmo:md:px-5 gizmo:lg:px-1 gizmo:xl:px-5 md:max-w-2xl lg:max-w-[38rem] gizmo:md:max-w-3xl gizmo:lg:max-w-[40rem] gizmo:xl:max-w-[48rem] xl:max-w-3xl }\">\n<div class=\"relative flex w-[calc(100%-50px)] flex-col gizmo:w-full lg:w-[calc(100%-115px)] agent-turn\">\n<div class=\"flex-col gap-1 md:gap-3\">\n<div class=\"flex flex-grow flex-col max-w-full gap-3 gizmo:gap-0\">\n<div class=\"min-h-[20px] flex flex-col items-start gap-3 whitespace-pre-wrap break-words overflow-x-auto\" data-message-author-role=\"assistant\" data-message-id=\"167dd706-c18c-45de-8053-587bbe414c04\">\n<div class=\"markdown prose w-full break-words dark:prose-invert dark\">\n<div class=\"flex-1 overflow-hidden\">\n<div class=\"react-scroll-to-bottom--css-gpvtp-79elbk h-full\">\n<div class=\"react-scroll-to-bottom--css-gpvtp-1n7m0yu\">\n<div class=\"flex flex-col text-sm gizmo:pb-9 dark:bg-gray-800 gizmo:dark:bg-transparent\">\n<div class=\"group w-full text-token-text-primary border-b border-black\/10 gizmo:border-0 dark:border-gray-900\/50 gizmo:dark:border-0 bg-gray-50 gizmo:bg-transparent dark:bg-[#444654] gizmo:dark:bg-transparent\" data-testid=\"conversation-turn-13\">\n<div class=\"p-4 gizmo:py-2 justify-center text-base md:gap-6 md:py-6 m-auto\">\n<div class=\"flex flex-1 gap-4 text-base mx-auto md:gap-6 gizmo:gap-3 gizmo:md:px-5 gizmo:lg:px-1 gizmo:xl:px-5 md:max-w-2xl lg:max-w-[38rem] gizmo:md:max-w-3xl gizmo:lg:max-w-[40rem] gizmo:xl:max-w-[48rem] xl:max-w-3xl }\">\n<div class=\"relative flex w-[calc(100%-50px)] flex-col gizmo:w-full lg:w-[calc(100%-115px)] agent-turn\">\n<div class=\"flex-col gap-1 md:gap-3\">\n<div class=\"flex flex-grow flex-col max-w-full gap-3 gizmo:gap-0\">\n<div class=\"min-h-[20px] flex flex-col items-start gap-3 whitespace-pre-wrap break-words overflow-x-auto\" data-message-author-role=\"assistant\" data-message-id=\"5b2f4fb7-f603-4e35-aab1-61bd30e866cb\">\n<div class=\"markdown prose w-full break-words dark:prose-invert dark\">\n<p>Questa stufetta portatile \u00e8 progettata per offrire un riscaldamento rapido e efficace grazie alla <strong>tecnologia ceramica<\/strong> <strong>PTC<\/strong>. La sua dimensione compatta la rende adatta a qualsiasi ambiente, dalle stanze pi\u00f9 piccole agli spazi d&#8217;ufficio. Con tre diverse modalit\u00e0 di riscaldamento e la capacit\u00e0 di regolare la temperatura, puoi personalizzare l&#8217;operativit\u00e0 della stufetta in base alle tue preferenze termiche.<\/p>\n<p>La tecnologia ceramica PTC garantisce un <strong>riscaldamento<\/strong> <strong>uniforme e veloce<\/strong> senza picchi di energia. La stufetta \u00e8 anche progettata per garantire la massima sicurezza, con protezioni contro il surriscaldamento e una base stabile per prevenire ribaltamenti accidentali.<\/p>\n<p>Oltre a essere efficiente dal punto di vista energetico, questa stufetta \u00e8 <strong>facile da<\/strong> <strong>trasportare<\/strong> grazie al suo design leggero. \u00c8 dotata di una maniglia integrata per un trasporto comodo da una stanza all&#8217;altra. Inoltre, il pannello di controllo intuitivo consente di regolare facilmente le impostazioni di temperatura e <strong>modalit\u00e0 di riscaldamento.<\/strong><\/p>\n<p>Che tu stia cercando una soluzione per il riscaldamento domestico o per l&#8217;ufficio, <strong>EcoHeat S<\/strong> \u00e8 una scelta affidabile per mantenere un ambiente confortevole durante i mesi pi\u00f9 freddi.<\/p>\n<\/div>\n<\/div>\n<\/div>\n<\/div>\n<\/div>\n<\/div>\n<\/div>\n<\/div>\n<\/div>\n<\/div>\n<\/div>\n<\/div>\n<\/div>\n<\/div>\n<\/div>\n<\/div>\n<\/div>\n<\/div>\n<\/div>\n<\/div>\n<\/div>\n<\/div>\n<\/div>\n","protected":false},"excerpt":{"rendered":"<p><b>Consigliata pe<\/b><span style=\"font-weight: 400;\">r: ufficio, stanze, casa<\/span><span style=\"font-weight: 400;\"><br \/>\n<\/span><b>Brand<\/b><span style=\"font-weight: 400;\">: EcoHeat S<br \/>\n<\/span><b>Modello<\/b><span style=\"font-weight: 400;\">: EcoHeat S<\/span><span style=\"font-weight: 400;\"><br \/>\n<\/span><b>Caratteristiche principali<\/b><span style=\"font-weight: 400;\">: temperatura regolabile, tre modalit\u00e0 di riscaldamento, riscaldamento immediato, ceramica PTC, oscillazione automatica, autospegnimento di sicurezza.<\/span><\/p>\n","protected":false},"featured_media":380,"template":"","meta":{"om_disable_all_campaigns":false,"_monsterinsights_skip_tracking":false,"_monsterinsights_sitenote_active":false,"_monsterinsights_sitenote_note":"","_monsterinsights_sitenote_category":0},"product_cat":[31,27],"product_tag":[69,71,67,66,68,70],"aioseo_notices":[],"_links":{"self":[{"href":"https:\/\/techmart.store\/index.php\/wp-json\/wp\/v2\/product\/72"}],"collection":[{"href":"https:\/\/techmart.store\/index.php\/wp-json\/wp\/v2\/product"}],"about":[{"href":"https:\/\/techmart.store\/index.php\/wp-json\/wp\/v2\/types\/product"}],"wp:featuredmedia":[{"embeddable":true,"href":"https:\/\/techmart.store\/index.php\/wp-json\/wp\/v2\/media\/380"}],"wp:attachment":[{"href":"https:\/\/techmart.store\/index.php\/wp-json\/wp\/v2\/media?parent=72"}],"wp:term":[{"taxonomy":"product_cat","embeddable":true,"href":"https:\/\/techmart.store\/index.php\/wp-json\/wp\/v2\/product_cat?post=72"},{"taxonomy":"product_tag","embeddable":true,"href":"https:\/\/techmart.store\/index.php\/wp-json\/wp\/v2\/product_tag?post=72"}],"curies":[{"name":"wp","href":"https:\/\/api.w.org\/{rel}","templated":true}]}}