{"id":71,"date":"2023-11-06T10:23:32","date_gmt":"2023-11-06T10:23:32","guid":{"rendered":"https:\/\/techmart.store\/?post_type=product&#038;p=71"},"modified":"2023-11-13T09:58:33","modified_gmt":"2023-11-13T09:58:33","slug":"stufetta-portatile-riscaldamento-immediato","status":"publish","type":"product","link":"https:\/\/techmart.store\/index.php\/product\/stufetta-portatile-riscaldamento-immediato\/","title":{"rendered":"Stufetta portatile WarmAir, riscaldamento immediato, migliore distribuzione del calore, basso consumo energetico, adatto per casa e ufficio"},"content":{"rendered":"<div class=\"flex flex-grow flex-col gap-3 max-w-full\">\n<div class=\"min-h-[20px] flex flex-col items-start gap-3 whitespace-pre-wrap break-words overflow-x-auto\" data-message-author-role=\"assistant\" data-message-id=\"489a7f4c-4bde-464e-9646-a2043759c6b4\">\n<div class=\"markdown prose w-full break-words dark:prose-invert dark\">\n<div class=\"group w-full text-token-text-primary border-b border-black\/10 gizmo:border-0 dark:border-gray-900\/50 gizmo:dark:border-0 bg-gray-50 gizmo:bg-transparent dark:bg-[#444654] gizmo:dark:bg-transparent\" data-testid=\"conversation-turn-13\">\n<div class=\"p-4 gizmo:py-2 justify-center text-base md:gap-6 md:py-6 m-auto\">\n<div class=\"flex flex-1 gap-4 text-base mx-auto md:gap-6 gizmo:gap-3 gizmo:md:px-5 gizmo:lg:px-1 gizmo:xl:px-5 md:max-w-2xl lg:max-w-[38rem] gizmo:md:max-w-3xl gizmo:lg:max-w-[40rem] gizmo:xl:max-w-[48rem] xl:max-w-3xl }\">\n<div class=\"relative flex w-[calc(100%-50px)] flex-col gizmo:w-full lg:w-[calc(100%-115px)] agent-turn\">\n<div class=\"flex-col gap-1 md:gap-3\">\n<div class=\"flex flex-grow flex-col max-w-full gap-3 gizmo:gap-0\">\n<div class=\"min-h-[20px] flex flex-col items-start gap-3 whitespace-pre-wrap break-words overflow-x-auto\" data-message-author-role=\"assistant\" data-message-id=\"167dd706-c18c-45de-8053-587bbe414c04\">\n<div class=\"markdown prose w-full break-words dark:prose-invert dark\">\n<p>La nostra stufetta portatile \u00e8 la soluzione ideale per godere di un <strong>riscaldamento<\/strong> <strong>immediato<\/strong> e confortevole in ogni angolo della tua casa o ufficio. Grazie alla sua <strong>tecnologia<\/strong> <strong>avanzata<\/strong>, questa stufetta garantisce un calore avvolgente in pochi istanti, creando un ambiente accogliente e piacevole.<\/p>\n<p>Una delle caratteristiche distintive di questa stufetta \u00e8 la sua eccezionale <strong>distribuzione<\/strong> <strong>del<\/strong> <strong>calore<\/strong>. Progettata con cura per assicurare un calore uniforme in ogni direzione, elimina i punti freddi e garantisce una <strong>temperatura<\/strong> <strong>costante<\/strong> in tutta la stanza. Questo significa che potrai godere di un comfort termico ottimale ovunque ti trovi.<\/p>\n<p>Inoltre, la stufetta \u00e8 estremamente efficiente dal punto di vista energetico, riducendo al <strong>minimo<\/strong> <strong>il consumo di energia<\/strong> senza compromettere le prestazioni. Ci\u00f2 non solo ti consente di risparmiare sui costi energetici, ma contribuisce anche a ridurre l&#8217;impatto ambientale.<\/p>\n<p>La sua portabilit\u00e0 \u00e8 un altro punto di forza. <strong>Leggera<\/strong> <strong>e compatta<\/strong>, puoi posizionarla facilmente in qualsiasi stanza o ufficio senza ingombro. Inoltre, grazie alla sua facilit\u00e0 d&#8217;uso, puoi regolare facilmente la temperatura desiderata e personalizzare l&#8217;ambiente secondo le tue preferenze.<\/p>\n<p>Questa stufetta portatile \u00e8 stata progettata pensando alla tua comodit\u00e0 e al tuo benessere. Sia che tu stia cercando un riscaldamento supplementare per il tuo ufficio durante l&#8217;inverno o un modo efficiente per mantenere calda la casa, questa stufetta \u00e8 la scelta perfetta. Affronta i giorni pi\u00f9 freddi con calore affidabile e prestazioni eccezionali grazie alla nostra stufetta portatile di alta qualit\u00e0.<\/p>\n<p><b>Consigliata per<\/b><span style=\"font-weight: 400;\">: ufficio, casa, stanze<\/span><span style=\"font-weight: 400;\"><br \/>\n<\/span><b>Brand<\/b><span style=\"font-weight: 400;\">: Warmair<\/span><span style=\"font-weight: 400;\"><br \/>\n<\/span><b>Modello<\/b><span style=\"font-weight: 400;\">: Warmair<br \/>\n<\/span><b>Caratteristiche principali<\/b><span style=\"font-weight: 400;\">: basso consumo energetico, facile da trasportare, aeratore interno, riscaldamento immediato<\/span><\/p>\n<\/div>\n<\/div>\n<\/div>\n<div class=\"flex justify-between empty:hidden gizmo:justify-start gizmo:gap-3 lg:block gizmo:lg:flex\">\n<div class=\"text-gray-400 flex self-end lg:self-center justify-center gizmo:lg:justify-start mt-2 gizmo:mt-0 visible lg:gap-1 lg:absolute lg:top-0 lg:translate-x-full lg:right-0 lg:mt-0 lg:pl-2 gap-2 md:gap-3\">\n<p>&nbsp;<\/p>\n<div class=\"flex gap-1\"><\/div>\n<\/div>\n<\/div>\n<\/div>\n<\/div>\n<\/div>\n<\/div>\n<\/div>\n<\/div>\n<\/div>\n<\/div>\n","protected":false},"excerpt":{"rendered":"<p>Stufetta portatile: riscalda istantaneamente con un basso consumo energetico. Distribuzione uniforme del calore, ideale per casa e ufficio.<\/p>\n","protected":false},"featured_media":375,"template":"","meta":{"om_disable_all_campaigns":false,"_monsterinsights_skip_tracking":false,"_monsterinsights_sitenote_active":false,"_monsterinsights_sitenote_note":"","_monsterinsights_sitenote_category":0},"product_cat":[31,27],"product_tag":[69,71,67,66,68,70],"aioseo_notices":[],"_links":{"self":[{"href":"https:\/\/techmart.store\/index.php\/wp-json\/wp\/v2\/product\/71"}],"collection":[{"href":"https:\/\/techmart.store\/index.php\/wp-json\/wp\/v2\/product"}],"about":[{"href":"https:\/\/techmart.store\/index.php\/wp-json\/wp\/v2\/types\/product"}],"wp:featuredmedia":[{"embeddable":true,"href":"https:\/\/techmart.store\/index.php\/wp-json\/wp\/v2\/media\/375"}],"wp:attachment":[{"href":"https:\/\/techmart.store\/index.php\/wp-json\/wp\/v2\/media?parent=71"}],"wp:term":[{"taxonomy":"product_cat","embeddable":true,"href":"https:\/\/techmart.store\/index.php\/wp-json\/wp\/v2\/product_cat?post=71"},{"taxonomy":"product_tag","embeddable":true,"href":"https:\/\/techmart.store\/index.php\/wp-json\/wp\/v2\/product_tag?post=71"}],"curies":[{"name":"wp","href":"https:\/\/api.w.org\/{rel}","templated":true}]}}