{"id":119,"date":"2023-11-09T09:48:53","date_gmt":"2023-11-09T09:48:53","guid":{"rendered":"https:\/\/techmart.store\/?post_type=product&#038;p=119"},"modified":"2023-11-10T14:28:18","modified_gmt":"2023-11-10T14:28:18","slug":"leaflesscool-air-rinfresca-e-umidifica-in-silenzio-ogni-stanza-della-casa-dal-design-moderno-facile-da-usare-dotata-di-un-singolo-bottone","status":"publish","type":"product","link":"https:\/\/techmart.store\/index.php\/product\/leaflesscool-air-rinfresca-e-umidifica-in-silenzio-ogni-stanza-della-casa-dal-design-moderno-facile-da-usare-dotata-di-un-singolo-bottone\/","title":{"rendered":"LeaflessCool Air rinfresca e umidifica in silenzio ogni stanza della casa. Design moderno, facile da usare, dotata di un singolo bottone."},"content":{"rendered":"<p>Porta un tocco di freschezza e comfort in ogni angolo della casa con l&#8217;innovativo dispositivo di rinfrescamento e umidificazione <strong>LeaflessCool Air<\/strong>. Con un design moderno ed elegante, si integra perfettamente in qualsiasi ambiente, donando un tocco di stile e funzionalit\u00e0.<\/p>\n<p>La sua semplicit\u00e0 d&#8217;uso \u00e8 sorprendente: basta un singolo bottone per accenderla e istantaneamente inizier\u00e0 a diffondere una piacevole <strong>freschezza<\/strong> in tutta la stanza. Oltre a rinfrescare l&#8217;aria, questa unit\u00e0 funge anche da umidificatore, contribuendo a mantenere il livello di umidit\u00e0 ideale per un comfort ottimale.<\/p>\n<p>Ma la vera bellezza di questo dispositivo sta nella sua discrezione. Funziona silenziosamente, in modo da non disturbare i tuoi momenti. \u00c8 come avere una <strong>brezza fresca e leggera<\/strong> che attraversa la stanza senza il fastidio di rumori indesiderati.<\/p>\n<p>La sua installazione \u00e8 un gioco da ragazzi: basta collegarlo e usarlo senza il bisogno di complicati settaggi o configurazioni.<\/p>\n<p><b>Consigliato per<\/b><span style=\"font-weight: 400;\">: casa, ufficio, stanze<\/span><span style=\"font-weight: 400;\"><br \/>\n<\/span><b>Brand<\/b><span style=\"font-weight: 400;\">: LeaflessCool Air<\/span><span style=\"font-weight: 400;\"><br \/>\n<\/span><b>Modello<\/b><span style=\"font-weight: 400;\">: LeaflessCool Air<\/span><span style=\"font-weight: 400;\"><br \/>\n<\/span><b>Caratteristiche principali<\/b><span style=\"font-weight: 400;\">: raffreddamento istantaneo, umidificatore, silenzioso, plug and play.<\/span><span style=\"font-weight: 400;\"><br \/>\n<\/span><\/p>\n","protected":false},"excerpt":{"rendered":"<p>Rinfresca e umidifica silenziosamente ogni stanza. Design moderno, un solo pulsante, raffreddamento istantaneo, umidificatore, plug and play. Comfort senza disturbo.<\/p>\n","protected":false},"featured_media":220,"template":"","meta":{"om_disable_all_campaigns":false,"_monsterinsights_skip_tracking":false,"_monsterinsights_sitenote_active":false,"_monsterinsights_sitenote_note":"","_monsterinsights_sitenote_category":0},"product_cat":[31,27],"product_tag":[200,197,45,199,198,195,90,196],"aioseo_notices":[],"_links":{"self":[{"href":"https:\/\/techmart.store\/index.php\/wp-json\/wp\/v2\/product\/119"}],"collection":[{"href":"https:\/\/techmart.store\/index.php\/wp-json\/wp\/v2\/product"}],"about":[{"href":"https:\/\/techmart.store\/index.php\/wp-json\/wp\/v2\/types\/product"}],"wp:featuredmedia":[{"embeddable":true,"href":"https:\/\/techmart.store\/index.php\/wp-json\/wp\/v2\/media\/220"}],"wp:attachment":[{"href":"https:\/\/techmart.store\/index.php\/wp-json\/wp\/v2\/media?parent=119"}],"wp:term":[{"taxonomy":"product_cat","embeddable":true,"href":"https:\/\/techmart.store\/index.php\/wp-json\/wp\/v2\/product_cat?post=119"},{"taxonomy":"product_tag","embeddable":true,"href":"https:\/\/techmart.store\/index.php\/wp-json\/wp\/v2\/product_tag?post=119"}],"curies":[{"name":"wp","href":"https:\/\/api.w.org\/{rel}","templated":true}]}}