{"id":114,"date":"2023-11-08T16:50:32","date_gmt":"2023-11-08T16:50:32","guid":{"rendered":"https:\/\/techmart.store\/?post_type=product&#038;p=114"},"modified":"2023-11-13T09:35:47","modified_gmt":"2023-11-13T09:35:47","slug":"dronex-pro-facile-da-usare-controllabile-fino-a-4-km-di-distanza-realizza-immagini-in-alta-definizione-e-scatti-a-360-grazie-alla-modalita-panoramica","status":"publish","type":"product","link":"https:\/\/techmart.store\/index.php\/product\/dronex-pro-facile-da-usare-controllabile-fino-a-4-km-di-distanza-realizza-immagini-in-alta-definizione-e-scatti-a-360-grazie-alla-modalita-panoramica\/","title":{"rendered":"DroneX Pro: facile da usare, controllabile fino a 4 km di distanza, realizza immagini in alta definizione e scatti a 360\u00b0 grazie alla modalit\u00e0 panoramica."},"content":{"rendered":"<p>DroneX Pro \u00e8 <strong>facile da usare<\/strong> e controllabile fino a 4 chilometri di distanza. Permette di volare lontano e catturare immagini mozzafiato in alta definizione grazie alla <strong>modalit\u00e0 panoramica<\/strong> a 360\u00b0.<\/p>\n<p>La sua caratteristica pieghevole e il peso leggero lo rendono facilmente trasportabile ovunque tu voglia <strong>esplorare<\/strong>. Che tu sia un appassionato di fotografia o desideri semplicemente catturare ricordi indimenticabili, il nostro drone \u00e8 lo strumento ideale per te.<\/p>\n<p>Con un tempo di volo di 10 minuti, potrai effettuare le tue riprese senza preoccuparti di dover atterrare frequentemente. Inoltre, il drone \u00e8 dotato di un <strong>sensore anticollisione<\/strong> per garantirti un volo sicuro e senza intoppi.<\/p>\n<p>Scatta foto e video panoramici a 360\u00b0 per catturare ogni dettaglio del tuo ambiente circostante. E con un raggio di controllo fino a <strong>4 chilometri<\/strong>, avrai la libert\u00e0 di esplorare e catturare immagini straordinarie da lontano.<\/p>\n<p>Non rinunciare alla possibilit\u00e0 di vedere il mondo da un&#8217;angolazione unica. Il nostro drone \u00e8 pronto a farti volare verso nuove avventure e a catturare ricordi straordinari con facilit\u00e0.<\/p>\n<p><b>Consigliato per<\/b><span style=\"font-weight: 400;\">: principianti, esperti, contenuti multimediali, fotografia, sport e tempo libero<\/span><span style=\"font-weight: 400;\"><br \/>\n<\/span><b>Brand<\/b><span style=\"font-weight: 400;\">: DroneX Pro<\/span><span style=\"font-weight: 400;\"><br \/>\n<\/span><b>Modello<\/b><span style=\"font-weight: 400;\">: DroneX Pro<\/span><span style=\"font-weight: 400;\"><br \/>\n<\/span><b>Caratteristiche principali<\/b><span style=\"font-weight: 400;\">: pieghevole, leggero, scatta a 360\u00b0 in modalit\u00e0 panoramica, tempo di volo 10 minuti, sensore anticollisione, controllabile fino a 4km.<\/span><span style=\"font-weight: 400;\"><br \/>\n<\/span><\/p>\n","protected":false},"excerpt":{"rendered":"<p>Drone pieghevole, leggero, 4 km di raggio d&#8217;azione, foto HD 360\u00b0, anti-collisione, 10 min di volo.<\/p>\n","protected":false},"featured_media":341,"template":"","meta":{"om_disable_all_campaigns":false,"_monsterinsights_skip_tracking":false,"_monsterinsights_sitenote_active":false,"_monsterinsights_sitenote_note":"","_monsterinsights_sitenote_category":0},"product_cat":[37,29],"product_tag":[167,180,171,181,170,118,175],"aioseo_notices":[],"_links":{"self":[{"href":"https:\/\/techmart.store\/index.php\/wp-json\/wp\/v2\/product\/114"}],"collection":[{"href":"https:\/\/techmart.store\/index.php\/wp-json\/wp\/v2\/product"}],"about":[{"href":"https:\/\/techmart.store\/index.php\/wp-json\/wp\/v2\/types\/product"}],"wp:featuredmedia":[{"embeddable":true,"href":"https:\/\/techmart.store\/index.php\/wp-json\/wp\/v2\/media\/341"}],"wp:attachment":[{"href":"https:\/\/techmart.store\/index.php\/wp-json\/wp\/v2\/media?parent=114"}],"wp:term":[{"taxonomy":"product_cat","embeddable":true,"href":"https:\/\/techmart.store\/index.php\/wp-json\/wp\/v2\/product_cat?post=114"},{"taxonomy":"product_tag","embeddable":true,"href":"https:\/\/techmart.store\/index.php\/wp-json\/wp\/v2\/product_tag?post=114"}],"curies":[{"name":"wp","href":"https:\/\/api.w.org\/{rel}","templated":true}]}}