{"id":7,"date":"2023-11-02T10:46:13","date_gmt":"2023-11-02T10:46:13","guid":{"rendered":"https:\/\/techmart.store\/index.php\/about-techmart-your-trusted-source-for-high-tech-gadgets\/"},"modified":"2023-11-09T16:07:28","modified_gmt":"2023-11-09T16:07:28","slug":"about-techmart-your-trusted-source-for-high-tech-gadgets","status":"publish","type":"page","link":"https:\/\/techmart.store\/index.php\/about-techmart-your-trusted-source-for-high-tech-gadgets\/","title":{"rendered":"Techmart: Your Trusted Source for High-Tech Gadgets"},"content":{"rendered":"<p><b>techmart.store<\/b><span style=\"font-weight: 400;\"> e \u00e8 un prestigioso marketplace online di propriet\u00e0 e gestito da Metup.srl, un&#8217;agenzia di marketing digitale con sede a Roma. Fin dalla nostra fondazione nel 2013, Metup.srl \u00e8 stata in prima linea nel panorama del marketing digitale, della pubblicit\u00e0 online e del marketing di affiliazione. Il nostro percorso con <\/span><b>techmart.store<\/b><span style=\"font-weight: 400;\"> nasce da un&#8217;aspirazione sincera a immergerci nel dinamico mondo dei dispositivi tecnologici all&#8217;avanguardia, offrendo ai nostri apprezzati clienti l&#8217;accesso alle innovazioni di mercato pi\u00f9 affascinanti.<\/span><\/p>\n<p><span style=\"font-weight: 400;\">Con un eccezionale track record che si estende per oltre un decennio, abbiamo accuratamente selezionato una collezione dei prodotti pi\u00f9 rivoluzionari e innovativi disponibili sul mercato. Questo risultato \u00e8 una testimonianza del nostro impegno incrollabile per la qualit\u00e0, della nostra vasta rete di contatti globali e della nostra passione per rimanere all&#8217;avanguardia nei progressi tecnologici. Manteniamo stretti e duraturi rapporti con produttori provenienti da varie parti del mondo, garantendo che vi forniamo costantemente i prodotti tecnologici pi\u00f9 recenti ed entusiasmanti.<\/span><\/p>\n<p><span style=\"font-weight: 400;\">Presso <\/span><b>techmart.store<\/b><span style=\"font-weight: 400;\"> , la trasparenza e l&#8217;accessibilit\u00e0 sono parte integrante delle nostre operazioni. Siamo dedicati ad assistervi in ogni fase del vostro percorso d&#8217;acquisto. Il nostro team competente \u00e8 sempre a disposizione per fornirvi consigli esperti e informazioni su qualsiasi prodotto nel nostro vasto catalogo. Inoltre, vi permettiamo di rimanere informati e controllare i vostri acquisti grazie alla nostra funzione di tracciamento degli ordini in tempo reale, garantendo che siate sempre al corrente dello stato del vostro ordine.<\/span><\/p>\n<p><b>techmart.store<\/b><span style=\"font-weight: 400;\"> non \u00e8 solo un marketplace online; \u00e8 il riflesso del nostro impegno incrollabile per l&#8217;eccellenza, l&#8217;innovazione e la soddisfazione del cliente. Vi invitiamo a esplorare la nostra vasta gamma di prodotti tecnologici all&#8217;avanguardia e a vivere in prima persona la professionalit\u00e0, la dedizione e la trasparenza che caratterizzano il nostro marchio. Grazie per aver scelto <\/span><b>techmart.store<\/b><span style=\"font-weight: 400;\"> come la vostra affidabile destinazione per tutte le vostre esigenze legate alla tecnologia.<\/span><\/p>\n","protected":false},"excerpt":{"rendered":"<p>techmart.store e \u00e8 un prestigioso marketplace online di propriet\u00e0 e gestito da Metup.srl, un&#8217;agenzia di marketing digitale con sede a Roma. Fin dalla nostra fondazione nel 2013, Metup.srl \u00e8 stata in prima linea nel panorama del marketing digitale, della pubblicit\u00e0 online e del marketing di affiliazione. Il nostro percorso con techmart.store nasce da un&#8217;aspirazione sincera [&hellip;]<\/p>\n","protected":false},"author":1,"featured_media":6,"parent":0,"menu_order":0,"comment_status":"closed","ping_status":"closed","template":"","meta":{"om_disable_all_campaigns":false,"_monsterinsights_skip_tracking":false,"_monsterinsights_sitenote_active":false,"_monsterinsights_sitenote_note":"","_monsterinsights_sitenote_category":0,"footnotes":""},"aioseo_notices":[],"_links":{"self":[{"href":"https:\/\/techmart.store\/index.php\/wp-json\/wp\/v2\/pages\/7"}],"collection":[{"href":"https:\/\/techmart.store\/index.php\/wp-json\/wp\/v2\/pages"}],"about":[{"href":"https:\/\/techmart.store\/index.php\/wp-json\/wp\/v2\/types\/page"}],"author":[{"embeddable":true,"href":"https:\/\/techmart.store\/index.php\/wp-json\/wp\/v2\/users\/1"}],"replies":[{"embeddable":true,"href":"https:\/\/techmart.store\/index.php\/wp-json\/wp\/v2\/comments?post=7"}],"version-history":[{"count":2,"href":"https:\/\/techmart.store\/index.php\/wp-json\/wp\/v2\/pages\/7\/revisions"}],"predecessor-version":[{"id":171,"href":"https:\/\/techmart.store\/index.php\/wp-json\/wp\/v2\/pages\/7\/revisions\/171"}],"wp:featuredmedia":[{"embeddable":true,"href":"https:\/\/techmart.store\/index.php\/wp-json\/wp\/v2\/media\/6"}],"wp:attachment":[{"href":"https:\/\/techmart.store\/index.php\/wp-json\/wp\/v2\/media?parent=7"}],"curies":[{"name":"wp","href":"https:\/\/api.w.org\/{rel}","templated":true}]}}