{"id":13,"date":"2023-11-17T10:20:35","date_gmt":"2023-11-17T10:20:35","guid":{"rendered":"https:\/\/techmart.store\/?page_id=13"},"modified":"2023-11-17T10:20:36","modified_gmt":"2023-11-17T10:20:36","slug":"refund_returns","status":"publish","type":"page","link":"https:\/\/techmart.store\/index.php\/refund_returns\/","title":{"rendered":"SPEDIZIONE,  RESO E GARANZIA DEL PRODOTTO"},"content":{"rendered":"\n<h4 class=\"wp-block-heading\"><strong>SPEDIZIONE<\/strong><\/h4>\n\n\n\n<p>Gentile cliente,<\/p>\n\n\n\n<p>Grazie all&#8217;offerta di cui ha usufruito, potr\u00e0 beneficiare del servizio di spedizione gratuita offerto da Techmart.store.<\/p>\n\n\n\n<p>Il vostro ordine verr\u00e0 emesso nelle prossime 24 ore e sar\u00e0 tracciabile non appena verr\u00e0 preso in carico dalla compagnia di spedizione.<\/p>\n\n\n\n<p>Il tempo stimato per la consegna pu\u00f2 variare a seconda del paese del destinatario. Solitamente \u00e8 possibile ricevere il proprio prodotto gi\u00e0 dopo 7 giorni lavorativi, infatti il 95% delle nostre consegne avviene entro 15 giorni dall&#8217;acquisto.<\/p>\n\n\n\n<p>In ogni caso, la tracciabilit\u00e0 del pacco \u00e8 garantita sin dalla fase d&#8217;acquisto.<\/p>\n\n\n\n<p>Completato il pagamento vi verr\u00e0 fornito un numero tramite email, grazie al quale potrete seguire in tempo reale le evoluzioni nella sezione &#8220;Tracciamento dell&#8217;ordine&#8221;.<\/p>\n\n\n\n<p>Techmart.store assicura l&#8217;avvenuta consegna entro un massimo di 30 giorni lavorativi.<\/p>\n\n\n\n<h4 class=\"wp-block-heading\"><strong>RIMBORSO, RESO E GARANZIA DEL PRODOTTO<\/strong><\/h4>\n\n\n\n<p>Gentile cliente,<\/p>\n\n\n\n<p>Grazie per aver acquistato presso Techmart.store.<\/p>\n\n\n\n<p>Il nostro marketplace offre la possibilit\u00e0 del servizio di reso entro 30 giorni dall&#8217;acquisto. Questo \u00e8 possibile laddove il prodotto venga mantenuto nelle condizioni originarie. Affinch\u00e9 il rimborso vada a buon fine, il prodotto dovr\u00e0 essere rispedito nella confezione originale, senza alcun segno di utilizzo e con allegata la prova d&#8217;acquisto.<\/p>\n\n\n\n<p>Una volta ricevuto, il prodotto verr\u00e0 ispezionato. In caso di approvazione del reso, verr\u00e0 avviata la pratica del rimborso attraverso il metodo di pagamento selezionato in fase di acquisto. Le tempistiche dell&#8217; accredito variano a seconda dell&#8217;emittente della carta.<\/p>\n","protected":false},"excerpt":{"rendered":"<p>SPEDIZIONE Gentile cliente, Grazie all&#8217;offerta di cui ha usufruito, potr\u00e0 beneficiare del servizio di spedizione gratuita offerto da Techmart.store. Il vostro ordine verr\u00e0 emesso nelle prossime 24 ore e sar\u00e0 tracciabile non appena verr\u00e0 preso in carico dalla compagnia di spedizione. Il tempo stimato per la consegna pu\u00f2 variare a seconda del paese del destinatario. [&hellip;]<\/p>\n","protected":false},"author":1,"featured_media":0,"parent":0,"menu_order":0,"comment_status":"closed","ping_status":"closed","template":"","meta":{"om_disable_all_campaigns":false,"_monsterinsights_skip_tracking":false,"_monsterinsights_sitenote_active":false,"_monsterinsights_sitenote_note":"","_monsterinsights_sitenote_category":0,"footnotes":""},"aioseo_notices":[],"_links":{"self":[{"href":"https:\/\/techmart.store\/index.php\/wp-json\/wp\/v2\/pages\/13"}],"collection":[{"href":"https:\/\/techmart.store\/index.php\/wp-json\/wp\/v2\/pages"}],"about":[{"href":"https:\/\/techmart.store\/index.php\/wp-json\/wp\/v2\/types\/page"}],"author":[{"embeddable":true,"href":"https:\/\/techmart.store\/index.php\/wp-json\/wp\/v2\/users\/1"}],"replies":[{"embeddable":true,"href":"https:\/\/techmart.store\/index.php\/wp-json\/wp\/v2\/comments?post=13"}],"version-history":[{"count":1,"href":"https:\/\/techmart.store\/index.php\/wp-json\/wp\/v2\/pages\/13\/revisions"}],"predecessor-version":[{"id":490,"href":"https:\/\/techmart.store\/index.php\/wp-json\/wp\/v2\/pages\/13\/revisions\/490"}],"wp:attachment":[{"href":"https:\/\/techmart.store\/index.php\/wp-json\/wp\/v2\/media?parent=13"}],"curies":[{"name":"wp","href":"https:\/\/api.w.org\/{rel}","templated":true}]}}